{"id":28918,"date":"2024-02-01T16:06:52","date_gmt":"2024-02-01T15:06:52","guid":{"rendered":"https:\/\/dev.geocity-asso.ch\/?page_id=28918"},"modified":"2024-11-18T15:36:58","modified_gmt":"2024-11-18T14:36:58","slug":"tarifs","status":"publish","type":"page","link":"https:\/\/geocity-asso.ch\/de\/tarifs\/","title":{"rendered":"Tarife"},"content":{"rendered":"<p>[et_pb_section fb_built=\u00a0\u00bb1&Prime; _builder_version=\u00a0\u00bb4.16&Prime; global_colors_info=\u00a0\u00bb{}\u00a0\u00bb][et_pb_row _builder_version=\u00a0\u00bb4.24.2&Prime; _module_preset=\u00a0\u00bbdefault\u00a0\u00bb global_colors_info=\u00a0\u00bb{}\u00a0\u00bb][et_pb_column type=\u00a0\u00bb4_4&Prime; _builder_version=\u00a0\u00bb4.24.2&Prime; _module_preset=\u00a0\u00bbdefault\u00a0\u00bb global_colors_info=\u00a0\u00bb{}\u00a0\u00bb][et_pb_text _builder_version=\u00a0\u00bb4.24.2&Prime; _module_preset=\u00a0\u00bbdefault\u00a0\u00bb global_colors_info=\u00a0\u00bb{}\u00a0\u00bb]<\/p>\n<h1 style=\"text-align: left;\">Tarifs<\/h1>\n<p style=\"text-align: left;\"><strong>Geocity est disponible en deux formules: h\u00e9berg\u00e9 sur geocity.ch ou \u00e0 d\u00e9ployer sur vos propres serveurs.<\/strong><\/p>\n<p>[\/et_pb_text][\/et_pb_column][\/et_pb_row][et_pb_row _builder_version=\u00a0\u00bb4.24.2&Prime; _module_preset=\u00a0\u00bbdefault\u00a0\u00bb global_colors_info=\u00a0\u00bb{}\u00a0\u00bb][et_pb_column type=\u00a0\u00bb4_4&Prime; _builder_version=\u00a0\u00bb4.24.2&Prime; _module_preset=\u00a0\u00bbdefault\u00a0\u00bb global_colors_info=\u00a0\u00bb{}\u00a0\u00bb][et_pb_text _builder_version=\u00a0\u00bb4.24.2&Prime; _module_preset=\u00a0\u00bbdefault\u00a0\u00bb global_colors_info=\u00a0\u00bb{}\u00a0\u00bb]<\/p>\n<h2>Geocity h\u00e9berg\u00e9 sur geocity.ch<\/h2>\n<p><!-- \/divi:paragraph --><!-- divi:paragraph --><\/p>\n<p><strong>\u2713<\/strong> Mises \u00e0 jour automatiques<\/p>\n<p><strong>\u2713<\/strong> Sans installation<\/p>\n<p><strong>\u2713<\/strong> Audits de s\u00e9curit\u00e9<\/p>\n<p><strong>\u2713<\/strong> Votre propre sous-domaine \u00ab\u00a0ma-commune.geocity.ch\u00a0\u00bb et vos propres textes sur le page de login<\/p>\n<p>\u2718 Installation sur votre infrastructure<\/p>\n<p>[\/et_pb_text][et_pb_pricing_tables featured_table_background_color=\u00a0\u00bbRGBA(255,255,255,0)\u00a0\u00bb header_background_color=\u00a0\u00bb#008c6f\u00a0\u00bb featured_table_bullet_color=\u00a0\u00bb#008c6f\u00a0\u00bb bullet_color=\u00a0\u00bb#008c6f\u00a0\u00bb featured_table_price_background_color=\u00a0\u00bbRGBA(255,255,255,0)\u00a0\u00bb featured_table_price_color=\u00a0\u00bb#000000&Prime; _builder_version=\u00a0\u00bb4.27.2&Prime; _module_preset=\u00a0\u00bbdefault\u00a0\u00bb price_text_color=\u00a0\u00bb#008c6f\u00a0\u00bb price_font_size=\u00a0\u00bb24px\u00a0\u00bb hover_enabled=\u00a0\u00bb0&Prime; global_colors_info=\u00a0\u00bb{}\u00a0\u00bb sticky_enabled=\u00a0\u00bb0&Prime;][et_pb_pricing_table title=\u00a0\u00bbMini\u00a0\u00bb sum=\u00a0\u00bb0.15\/habitant, min. CHF 500&Prime; _builder_version=\u00a0\u00bb4.27.2&Prime; _module_preset=\u00a0\u00bbdefault\u00a0\u00bb hover_enabled=\u00a0\u00bb0&Prime; global_colors_info=\u00a0\u00bb{}\u00a0\u00bb sticky_transition=\u00a0\u00bbon\u00a0\u00bb sticky_enabled=\u00a0\u00bb0&Prime;]<\/p>\n<p>Jusqu&rsquo;\u00e0 3 formulaires<\/p>\n<p>1 Go d&rsquo;espace de stockage<\/p>\n<p>[\/et_pb_pricing_table][et_pb_pricing_table title=\u00a0\u00bbMoyen\u00a0\u00bb sum=\u00a0\u00bb0.20\/habitant\u00a0\u00bb _builder_version=\u00a0\u00bb4.27.2&Prime; _module_preset=\u00a0\u00bbdefault\u00a0\u00bb hover_enabled=\u00a0\u00bb0&Prime; global_colors_info=\u00a0\u00bb{}\u00a0\u00bb sticky_transition=\u00a0\u00bbon\u00a0\u00bb sticky_enabled=\u00a0\u00bb0&Prime;]<\/p>\n<p>Jusqu&rsquo;\u00e0 10 formulaires<\/p>\n<p>2 Go d\u2019espace de stockage<\/p>\n<p>[\/et_pb_pricing_table][et_pb_pricing_table title=\u00a0\u00bbExtra\u00a0\u00bb sum=\u00a0\u00bbCHF 0.10\/habitant\u00a0\u00bb _builder_version=\u00a0\u00bb4.27.2&Prime; _module_preset=\u00a0\u00bbdefault\u00a0\u00bb hover_enabled=\u00a0\u00bb0&Prime; global_colors_info=\u00a0\u00bb{}\u00a0\u00bb sticky_transition=\u00a0\u00bbon\u00a0\u00bb sticky_enabled=\u00a0\u00bb0&Prime;]<\/p>\n<p>Paquet de 10 formulaires additionnels<br \/>1 Go d\u2019espace de stockage additionnel<\/p>\n<p>[\/et_pb_pricing_table][\/et_pb_pricing_tables][et_pb_text _builder_version=\u00a0\u00bb4.24.2&Prime; _module_preset=\u00a0\u00bbdefault\u00a0\u00bb global_colors_info=\u00a0\u00bb{}\u00a0\u00bb]<\/p>\n<p>Prix en francs suisses, hors-taxe.<br \/>Les donn\u00e9es du Client sont stock\u00e9es pour une dur\u00e9e de 2 ans.\u00a0<\/p>\n<p>[\/et_pb_text][et_pb_button button_url=\u00a0\u00bb@ET-DC@eyJkeW5hbWljIjp0cnVlLCJjb250ZW50IjoicG9zdF9saW5rX3VybF9wYWdlIiwic2V0dGluZ3MiOnsicG9zdF9pZCI6IjI5MDMyIn19@\u00a0\u00bb button_text=\u00a0\u00bbPrendre contact\u00a0\u00bb _builder_version=\u00a0\u00bb4.24.2&Prime; _dynamic_attributes=\u00a0\u00bbbutton_url\u00a0\u00bb _module_preset=\u00a0\u00bbdefault\u00a0\u00bb global_colors_info=\u00a0\u00bb{}\u00a0\u00bb][\/et_pb_button][\/et_pb_column][\/et_pb_row][et_pb_row _builder_version=\u00a0\u00bb4.24.2&Prime; _module_preset=\u00a0\u00bbdefault\u00a0\u00bb global_colors_info=\u00a0\u00bb{}\u00a0\u00bb][et_pb_column type=\u00a0\u00bb4_4&Prime; _builder_version=\u00a0\u00bb4.24.2&Prime; _module_preset=\u00a0\u00bbdefault\u00a0\u00bb global_colors_info=\u00a0\u00bb{}\u00a0\u00bb][et_pb_text _builder_version=\u00a0\u00bb4.24.2&Prime; _module_preset=\u00a0\u00bbdefault\u00a0\u00bb global_colors_info=\u00a0\u00bb{}\u00a0\u00bb]<\/p>\n<h2>Geocity libre-service<\/h2>\n<p>Geocity est un logiciel libre. Il n&rsquo;y a aucun co\u00fbt de licence.\u00a0 Les seuls co\u00fbts sont li\u00e9es \u00e0 l&rsquo;h\u00e9bergement: infrastructure, s\u00e9curit\u00e9, mises \u00e0 jour, sauvegardes et support aux utilisateurs de votre instance .<\/p>\n<p><!-- \/divi:paragraph --><!-- divi:paragraph --><\/p>\n<p>\u2718 Sans installation<br \/>\u2718 Mises \u00e0 jour automatiques<br \/>\u2718 Audits de s\u00e9curit\u00e9<br \/><strong>\u2713<\/strong> Installation dans votre infrastructure<\/p>\n<p>&nbsp;<\/p>\n<p>&nbsp;<\/p>\n<p>[\/et_pb_text][et_pb_button button_url=\u00a0\u00bbhttps:\/\/gitlab.com\/geocity\/geocity\u00a0\u00bb url_new_window=\u00a0\u00bbon\u00a0\u00bb button_text=\u00a0\u00bbT\u00e9l\u00e9charger sur gitlab\u00a0\u00bb _builder_version=\u00a0\u00bb4.27.0&Prime; _module_preset=\u00a0\u00bbdefault\u00a0\u00bb global_colors_info=\u00a0\u00bb{}\u00a0\u00bb][\/et_pb_button][\/et_pb_column][\/et_pb_row][\/et_pb_section]<\/p>\n","protected":false},"excerpt":{"rendered":"<p>Tarifs Geocity est disponible en deux formules: h\u00e9berg\u00e9 sur geocity.ch ou \u00e0 d\u00e9ployer sur vos propres serveurs.Geocity h\u00e9berg\u00e9 sur geocity.ch \u2713 Mises \u00e0 jour automatiques \u2713 Sans installation \u2713 Audits de s\u00e9curit\u00e9 \u2713 Votre propre sous-domaine \u00ab\u00a0ma-commune.geocity.ch\u00a0\u00bb et vos propres textes sur le page de login \u2718 Installation sur votre infrastructureJusqu&rsquo;\u00e0 3 formulaires 1 Go [&hellip;]<\/p>\n","protected":false},"author":1,"featured_media":0,"parent":0,"menu_order":0,"comment_status":"closed","ping_status":"closed","template":"","meta":{"_et_pb_use_builder":"on","_et_pb_old_content":"<!-- wp:group {\"layout\":{\"type\":\"constrained\"}} -->\n<div class=\"wp-block-group\"><!-- wp:paragraph -->\n<p><\/p>\n<!-- \/wp:paragraph -->\n\n<!-- wp:paragraph -->\n<p>Geocity est disponible en deux formules: h\u00e9berg\u00e9 par nos soins ou \u00e0 d\u00e9ployer sur vos propres serveurs.<\/p>\n<!-- \/wp:paragraph -->\n\n<!-- wp:paragraph -->\n<p><strong>Geocity h\u00e9berg\u00e9<\/strong><\/p>\n<!-- \/wp:paragraph -->\n\n<!-- wp:paragraph -->\n<p>\u2705 Sans installation<br>\u2705 Mises \u00e0 jour automatique<br>\u2705 Audits de s\u00e9curit\u00e9<br>\u274c Installation sur votre infrastructure<\/p>\n<!-- \/wp:paragraph -->\n\n<!-- wp:table -->\n<figure class=\"wp-block-table\"><table><thead><tr><th>Mini<\/th><th>Moyen<\/th><th>Extra<\/th><\/tr><\/thead><tbody><tr><td>Jusqu'\u00e0 3 formulaires<br>1 Go d\u2019espace de stockage<\/td><td>Jusqu'\u00e0 10 formulaires<br>2 Go d\u2019espace de stockage<\/td><td>Paquet de 10 formulaires en sus<br>1 Go d\u2019espace de stockage<\/td><\/tr><tr><td>Par an<br>CHF 500 + 0.15\/habitant<\/td><td>Par an<br>CHF 500 + 0.20\/habitant<\/td><td>Par an<br>CHF 0.10\/habitant<\/td><\/tr><\/tbody><\/table><\/figure>\n<!-- \/wp:table -->\n\n<!-- wp:paragraph -->\n<p>Prix en francs suisses, hors-taxe.<br>Les donn\u00e9es du Client sont stock\u00e9e pour une dur\u00e9e de 2 ans.<\/p>\n<!-- \/wp:paragraph -->\n\n<!-- wp:paragraph -->\n<p><strong>Geocity libre-service<\/strong><\/p>\n<!-- \/wp:paragraph -->\n\n<!-- wp:paragraph -->\n<p>\u274c Sans installation<br>\u274c Mises \u00e0 jour automatique<br>\u274c Audits de s\u00e9curit\u00e9<br>\u2705 Installation sur votre infrastructure<\/p>\n<!-- \/wp:paragraph --><\/div>\n<!-- \/wp:group -->","_et_gb_content_width":"1080","inline_featured_image":false,"footnotes":""},"class_list":["post-28918","page","type-page","status-publish","hentry"],"_links":{"self":[{"href":"https:\/\/geocity-asso.ch\/de\/wp-json\/wp\/v2\/pages\/28918","targetHints":{"allow":["GET"]}}],"collection":[{"href":"https:\/\/geocity-asso.ch\/de\/wp-json\/wp\/v2\/pages"}],"about":[{"href":"https:\/\/geocity-asso.ch\/de\/wp-json\/wp\/v2\/types\/page"}],"author":[{"embeddable":true,"href":"https:\/\/geocity-asso.ch\/de\/wp-json\/wp\/v2\/users\/1"}],"replies":[{"embeddable":true,"href":"https:\/\/geocity-asso.ch\/de\/wp-json\/wp\/v2\/comments?post=28918"}],"version-history":[{"count":35,"href":"https:\/\/geocity-asso.ch\/de\/wp-json\/wp\/v2\/pages\/28918\/revisions"}],"predecessor-version":[{"id":29829,"href":"https:\/\/geocity-asso.ch\/de\/wp-json\/wp\/v2\/pages\/28918\/revisions\/29829"}],"wp:attachment":[{"href":"https:\/\/geocity-asso.ch\/de\/wp-json\/wp\/v2\/media?parent=28918"}],"curies":[{"name":"wp","href":"https:\/\/api.w.org\/{rel}","templated":true}]}}