{"id":29001,"date":"2024-03-01T11:19:10","date_gmt":"2024-03-01T10:19:10","guid":{"rendered":"https:\/\/dev.geocity-asso.ch\/?page_id=29001"},"modified":"2024-04-09T14:55:32","modified_gmt":"2024-04-09T12:55:32","slug":"fonctionnement","status":"publish","type":"page","link":"https:\/\/geocity-asso.ch\/de\/fonctionnement\/","title":{"rendered":"Betrieb"},"content":{"rendered":"<p>[et_pb_section fb_built=\u00a0\u00bb1&Prime; _builder_version=\u00a0\u00bb4.16&Prime; global_colors_info=\u00a0\u00bb{}\u00a0\u00bb][et_pb_row _builder_version=\u00a0\u00bb4.24.2&Prime; _module_preset=\u00a0\u00bbdefault\u00a0\u00bb global_colors_info=\u00a0\u00bb{}\u00a0\u00bb][et_pb_column type=\u00a0\u00bb4_4&Prime; _builder_version=\u00a0\u00bb4.24.2&Prime; _module_preset=\u00a0\u00bbdefault\u00a0\u00bb global_colors_info=\u00a0\u00bb{}\u00a0\u00bb][et_pb_text _builder_version=\u00a0\u00bb4.24.2&Prime; _module_preset=\u00a0\u00bbdefault\u00a0\u00bb global_colors_info=\u00a0\u00bb{}\u00a0\u00bb]<\/p>\n<h1>Fonctionnement<\/h1>\n<p>Geocity est une solution puissante permettant de d\u00e9ployer des prestations en ligne. La mise en place de formulaires se fait en quelques minutes et les destinataires des demandes disposent d&rsquo;un outil de traitement efficace et complet.<\/p>\n<p>[\/et_pb_text][\/et_pb_column][\/et_pb_row][et_pb_row _builder_version=\u00a0\u00bb4.24.2&Prime; _module_preset=\u00a0\u00bbdefault\u00a0\u00bb global_colors_info=\u00a0\u00bb{}\u00a0\u00bb][et_pb_column type=\u00a0\u00bb4_4&Prime; _builder_version=\u00a0\u00bb4.24.2&Prime; _module_preset=\u00a0\u00bbdefault\u00a0\u00bb global_colors_info=\u00a0\u00bb{}\u00a0\u00bb][et_pb_image src=\u00a0\u00bbhttp:\/\/geocity-asso.ch\/wp-content\/uploads\/2024\/04\/illus-geocity-desk.svg\u00a0\u00bb title_text=\u00a0\u00bbillus-geocity-desk\u00a0\u00bb src_phone=\u00a0\u00bbhttp:\/\/geocity-asso.ch\/wp-content\/uploads\/2024\/03\/illustration_geocity-mob-fr.svg\u00a0\u00bb src_last_edited=\u00a0\u00bboff|tablet\u00a0\u00bb _builder_version=\u00a0\u00bb4.24.2&Prime; _module_preset=\u00a0\u00bbdefault\u00a0\u00bb hover_enabled=\u00a0\u00bb0&Prime; global_colors_info=\u00a0\u00bb{}\u00a0\u00bb sticky_enabled=\u00a0\u00bb0&Prime;][\/et_pb_image][\/et_pb_column][\/et_pb_row][et_pb_row _builder_version=\u00a0\u00bb4.24.2&Prime; _module_preset=\u00a0\u00bbdefault\u00a0\u00bb global_colors_info=\u00a0\u00bb{}\u00a0\u00bb][et_pb_column type=\u00a0\u00bb4_4&Prime; _builder_version=\u00a0\u00bb4.24.2&Prime; _module_preset=\u00a0\u00bbdefault\u00a0\u00bb global_colors_info=\u00a0\u00bb{}\u00a0\u00bb][et_pb_button button_url=\u00a0\u00bb@ET-DC@eyJkeW5hbWljIjp0cnVlLCJjb250ZW50IjoicG9zdF9saW5rX3VybF9wYWdlIiwic2V0dGluZ3MiOnsicG9zdF9pZCI6IjI5MDMyIn19@\u00a0\u00bb button_text=\u00a0\u00bbDemander une d\u00e9monstration\u00a0\u00bb _builder_version=\u00a0\u00bb4.24.2&Prime; _dynamic_attributes=\u00a0\u00bbbutton_url\u00a0\u00bb _module_preset=\u00a0\u00bbdefault\u00a0\u00bb global_colors_info=\u00a0\u00bb{}\u00a0\u00bb][\/et_pb_button][et_pb_divider color=\u00a0\u00bb#000000&Prime; _builder_version=\u00a0\u00bb4.24.2&Prime; _module_preset=\u00a0\u00bbdefault\u00a0\u00bb global_colors_info=\u00a0\u00bb{}\u00a0\u00bb][\/et_pb_divider][\/et_pb_column][\/et_pb_row][et_pb_row _builder_version=\u00a0\u00bb4.24.2&Prime; _module_preset=\u00a0\u00bbdefault\u00a0\u00bb global_colors_info=\u00a0\u00bb{}\u00a0\u00bb][et_pb_column type=\u00a0\u00bb4_4&Prime; _builder_version=\u00a0\u00bb4.24.2&Prime; _module_preset=\u00a0\u00bbdefault\u00a0\u00bb global_colors_info=\u00a0\u00bb{}\u00a0\u00bb][et_pb_text _builder_version=\u00a0\u00bb4.24.2&Prime; _module_preset=\u00a0\u00bbdefault\u00a0\u00bb global_colors_info=\u00a0\u00bb{}\u00a0\u00bb]<\/p>\n<div class=\"wp-block-group\">\n<h1 class=\"wp-block-heading\">Devenir prestataire Geocity<\/h1>\n<\/div>\n<p>Utiliser Geocity est simple, mais b\u00e9n\u00e9ficier de l\u2019accompagnement d\u2019un prestataire externe est pr\u00e9cieux pour certaines communes. Ces prestations comprennent typiquement la d\u00e9finition du besoin client, la planification de la collaboration entre les services, puis la configuration des formulaires. Nous travaillons d\u00e9j\u00e0 avec des g\u00e9om\u00e8tres qui ont \u00e9toff\u00e9 leur offre gr\u00e2ce \u00e0 Geocity.<\/p>\n<p>[\/et_pb_text][et_pb_button button_url=\u00a0\u00bb@ET-DC@eyJkeW5hbWljIjp0cnVlLCJjb250ZW50IjoicG9zdF9saW5rX3VybF9wYWdlIiwic2V0dGluZ3MiOnsicG9zdF9pZCI6IjI5MDMyIn19@\u00a0\u00bb button_text=\u00a0\u00bbNous contacter\u00a0\u00bb _builder_version=\u00a0\u00bb4.24.2&Prime; _dynamic_attributes=\u00a0\u00bbbutton_url\u00a0\u00bb _module_preset=\u00a0\u00bbdefault\u00a0\u00bb global_colors_info=\u00a0\u00bb{}\u00a0\u00bb][\/et_pb_button][\/et_pb_column][\/et_pb_row][et_pb_row _builder_version=\u00a0\u00bb4.24.2&Prime; _module_preset=\u00a0\u00bbdefault\u00a0\u00bb global_colors_info=\u00a0\u00bb{}\u00a0\u00bb][et_pb_column type=\u00a0\u00bb4_4&Prime; _builder_version=\u00a0\u00bb4.24.2&Prime; _module_preset=\u00a0\u00bbdefault\u00a0\u00bb global_colors_info=\u00a0\u00bb{}\u00a0\u00bb][et_pb_text _builder_version=\u00a0\u00bb4.24.2&Prime; _module_preset=\u00a0\u00bbdefault\u00a0\u00bb global_colors_info=\u00a0\u00bb{}\u00a0\u00bb]<\/p>\n<h1 class=\"wp-block-heading\">Construisez le futur de Geocity<\/h1>\n<p>Rejoignez l\u2019association Geocity et participez \u00e0 la planification des fonctionnalit\u00e9s de demain. L\u2019association est un moyen de mutualiser les ressources de d\u00e9veloppement et de se tenir au plus pr\u00e8s des besoins de nos membres.<\/p>\n<p>[\/et_pb_text][et_pb_button button_url=\u00a0\u00bb@ET-DC@eyJkeW5hbWljIjp0cnVlLCJjb250ZW50IjoicG9zdF9saW5rX3VybF9wYWdlIiwic2V0dGluZ3MiOnsicG9zdF9pZCI6IjI4OTIxIn19@\u00a0\u00bb button_text=\u00a0\u00bbAssociation Geocity\u00a0\u00bb _builder_version=\u00a0\u00bb4.24.2&Prime; _dynamic_attributes=\u00a0\u00bbbutton_url\u00a0\u00bb _module_preset=\u00a0\u00bbdefault\u00a0\u00bb global_colors_info=\u00a0\u00bb{}\u00a0\u00bb][\/et_pb_button][\/et_pb_column][\/et_pb_row][\/et_pb_section]<\/p>\n","protected":false},"excerpt":{"rendered":"<p>Fonctionnement Geocity est une solution puissante permettant de d\u00e9ployer des prestations en ligne. La mise en place de formulaires se fait en quelques minutes et les destinataires des demandes disposent d&rsquo;un outil de traitement efficace et complet. Devenir prestataire Geocity Utiliser Geocity est simple, mais b\u00e9n\u00e9ficier de l\u2019accompagnement d\u2019un prestataire externe est pr\u00e9cieux pour certaines [&hellip;]<\/p>\n","protected":false},"author":1,"featured_media":0,"parent":0,"menu_order":0,"comment_status":"closed","ping_status":"closed","template":"","meta":{"_et_pb_use_builder":"on","_et_pb_old_content":"<!-- wp:image {\"id\":29002,\"sizeSlug\":\"full\",\"linkDestination\":\"none\"} -->\n<figure class=\"wp-block-image size-full\"><img src=\"https:\/\/dev.geocity-asso.ch\/wp-content\/uploads\/2024\/03\/Illustration-2.svg\" alt=\"\" class=\"wp-image-29002\"\/><\/figure>\n<!-- \/wp:image -->\n\n<!-- wp:buttons -->\n<div class=\"wp-block-buttons\"><!-- wp:button {\"width\":100} -->\n<div class=\"wp-block-button has-custom-width wp-block-button__width-100\"><a class=\"wp-block-button__link wp-element-button\">Demander une d\u00e9mo<\/a><\/div>\n<!-- \/wp:button --><\/div>\n<!-- \/wp:buttons -->\n\n<!-- wp:separator -->\n<hr class=\"wp-block-separator has-alpha-channel-opacity\"\/>\n<!-- \/wp:separator -->\n\n<!-- wp:group {\"layout\":{\"type\":\"constrained\"}} -->\n<div class=\"wp-block-group\"><!-- wp:heading -->\n<h2 class=\"wp-block-heading\">Devenir prestataire Geocity<\/h2>\n<!-- \/wp:heading --><\/div>\n<!-- \/wp:group -->\n\n<!-- wp:paragraph -->\n<p>Utiliser Geocity est simple, mais b\u00e9n\u00e9ficier de l\u2019accompagnement d\u2019un prestataire externe est pr\u00e9cieux pour certaines communes. Ces prestations comprennent typiquement la d\u00e9finition du besoin client, la planification de la collaboration entre les services, puis la configuration des formulaires. Nous travaillons d\u00e9j\u00e0 avec des g\u00e9om\u00e8tres qui ont \u00e9toff\u00e9 leur offre gr\u00e2ce \u00e0 Geocity.<\/p>\n<!-- \/wp:paragraph -->\n\n<!-- wp:buttons -->\n<div class=\"wp-block-buttons\"><!-- wp:button -->\n<div class=\"wp-block-button\"><a class=\"wp-block-button__link wp-element-button\">Nous contacter<\/a><\/div>\n<!-- \/wp:button --><\/div>\n<!-- \/wp:buttons -->\n\n<!-- wp:separator -->\n<hr class=\"wp-block-separator has-alpha-channel-opacity\"\/>\n<!-- \/wp:separator -->\n\n<!-- wp:heading -->\n<h2 class=\"wp-block-heading\">Influez sur le futur de Geocity<\/h2>\n<!-- \/wp:heading -->\n\n<!-- wp:paragraph -->\n<p>Rejoignez l\u2019association Geocity-Asso et participez \u00e0 la planification des fonctionnalit\u00e9s de demain. L\u2019association est un moyen de mutualiser les ressources de d\u00e9veloppement et de se tenir au plus pr\u00e8s des besoins de nos membres.<\/p>\n<!-- \/wp:paragraph -->\n\n<!-- wp:buttons -->\n<div class=\"wp-block-buttons\"><!-- wp:button -->\n<div class=\"wp-block-button\"><a class=\"wp-block-button__link wp-element-button\" href=\"https:\/\/dev.geocity-asso.ch\/association\/\">Association Geocity<\/a><\/div>\n<!-- \/wp:button --><\/div>\n<!-- \/wp:buttons -->","_et_gb_content_width":"1080","inline_featured_image":false,"footnotes":""},"class_list":["post-29001","page","type-page","status-publish","hentry"],"_links":{"self":[{"href":"https:\/\/geocity-asso.ch\/de\/wp-json\/wp\/v2\/pages\/29001","targetHints":{"allow":["GET"]}}],"collection":[{"href":"https:\/\/geocity-asso.ch\/de\/wp-json\/wp\/v2\/pages"}],"about":[{"href":"https:\/\/geocity-asso.ch\/de\/wp-json\/wp\/v2\/types\/page"}],"author":[{"embeddable":true,"href":"https:\/\/geocity-asso.ch\/de\/wp-json\/wp\/v2\/users\/1"}],"replies":[{"embeddable":true,"href":"https:\/\/geocity-asso.ch\/de\/wp-json\/wp\/v2\/comments?post=29001"}],"version-history":[{"count":30,"href":"https:\/\/geocity-asso.ch\/de\/wp-json\/wp\/v2\/pages\/29001\/revisions"}],"predecessor-version":[{"id":29754,"href":"https:\/\/geocity-asso.ch\/de\/wp-json\/wp\/v2\/pages\/29001\/revisions\/29754"}],"wp:attachment":[{"href":"https:\/\/geocity-asso.ch\/de\/wp-json\/wp\/v2\/media?parent=29001"}],"curies":[{"name":"wp","href":"https:\/\/api.w.org\/{rel}","templated":true}]}}