{"id":29032,"date":"2024-03-05T16:40:38","date_gmt":"2024-03-05T15:40:38","guid":{"rendered":"https:\/\/dev.geocity-asso.ch\/?page_id=29032"},"modified":"2026-03-25T10:59:07","modified_gmt":"2026-03-25T09:59:07","slug":"demander-une-demo","status":"publish","type":"page","link":"https:\/\/geocity-asso.ch\/de\/demander-une-demo\/","title":{"rendered":"Vorf\u00fchrung und Kontakt"},"content":{"rendered":"<p>[et_pb_section fb_built=\u00a0\u00bb1&Prime; _builder_version=\u00a0\u00bb4.24.2&Prime; _module_preset=\u00a0\u00bbdefault\u00a0\u00bb global_colors_info=\u00a0\u00bb{}\u00a0\u00bb][et_pb_row _builder_version=\u00a0\u00bb4.24.2&Prime; _module_preset=\u00a0\u00bbdefault\u00a0\u00bb global_colors_info=\u00a0\u00bb{}\u00a0\u00bb][et_pb_column type=\u00a0\u00bb4_4&Prime; _builder_version=\u00a0\u00bb4.24.2&Prime; _module_preset=\u00a0\u00bbdefault\u00a0\u00bb global_colors_info=\u00a0\u00bb{}\u00a0\u00bb][et_pb_text _builder_version=\u00a0\u00bb4.24.2&Prime; _module_preset=\u00a0\u00bbdefault\u00a0\u00bb global_colors_info=\u00a0\u00bb{}\u00a0\u00bb]<\/p>\n<h1>Prendre contact, demander une d\u00e9monstration<\/h1>\n<p>Envie d&rsquo;en savoir plus ? Envie de d\u00e9couvrir tout le potentiel de Geocity ? N&rsquo;h\u00e9sitez pas \u00e0 nous contacter !<\/p>\n<p>[\/et_pb_text][et_pb_contact_form email=\u00a0\u00bbcomite@geocity-asso.ch\u00a0\u00bb _builder_version=\u00a0\u00bb4.27.0&Prime; _module_preset=\u00a0\u00bbdefault\u00a0\u00bb _unique_id=\u00a0\u00bba6433f21-eca0-4a31-b05d-a261cbe65ccb\u00a0\u00bb global_colors_info=\u00a0\u00bb{}\u00a0\u00bb][et_pb_contact_field field_id=\u00a0\u00bbName\u00a0\u00bb field_title=\u00a0\u00bbNom\u00a0\u00bb _builder_version=\u00a0\u00bb4.27.0&Prime; global_colors_info=\u00a0\u00bb{}\u00a0\u00bb button_text_size__hover_enabled=\u00a0\u00bboff\u00a0\u00bb button_one_text_size__hover_enabled=\u00a0\u00bboff\u00a0\u00bb button_two_text_size__hover_enabled=\u00a0\u00bboff\u00a0\u00bb button_text_color__hover_enabled=\u00a0\u00bboff\u00a0\u00bb button_one_text_color__hover_enabled=\u00a0\u00bboff\u00a0\u00bb button_two_text_color__hover_enabled=\u00a0\u00bboff\u00a0\u00bb button_border_width__hover_enabled=\u00a0\u00bboff\u00a0\u00bb button_one_border_width__hover_enabled=\u00a0\u00bboff\u00a0\u00bb button_two_border_width__hover_enabled=\u00a0\u00bboff\u00a0\u00bb button_border_color__hover_enabled=\u00a0\u00bboff\u00a0\u00bb button_one_border_color__hover_enabled=\u00a0\u00bboff\u00a0\u00bb button_two_border_color__hover_enabled=\u00a0\u00bboff\u00a0\u00bb button_border_radius__hover_enabled=\u00a0\u00bboff\u00a0\u00bb button_one_border_radius__hover_enabled=\u00a0\u00bboff\u00a0\u00bb button_two_border_radius__hover_enabled=\u00a0\u00bboff\u00a0\u00bb button_letter_spacing__hover_enabled=\u00a0\u00bboff\u00a0\u00bb button_one_letter_spacing__hover_enabled=\u00a0\u00bboff\u00a0\u00bb button_two_letter_spacing__hover_enabled=\u00a0\u00bboff\u00a0\u00bb button_bg_color__hover_enabled=\u00a0\u00bboff\u00a0\u00bb button_one_bg_color__hover_enabled=\u00a0\u00bboff\u00a0\u00bb button_two_bg_color__hover_enabled=\u00a0\u00bboff\u00a0\u00bb][\/et_pb_contact_field][et_pb_contact_field field_id=\u00a0\u00bbemail_from\u00a0\u00bb field_title=\u00a0\u00bbAdresse e-mail\u00a0\u00bb field_type=\u00a0\u00bbemail\u00a0\u00bb _builder_version=\u00a0\u00bb4.27.0&Prime; global_colors_info=\u00a0\u00bb{}\u00a0\u00bb button_text_size__hover_enabled=\u00a0\u00bboff\u00a0\u00bb button_one_text_size__hover_enabled=\u00a0\u00bboff\u00a0\u00bb button_two_text_size__hover_enabled=\u00a0\u00bboff\u00a0\u00bb button_text_color__hover_enabled=\u00a0\u00bboff\u00a0\u00bb button_one_text_color__hover_enabled=\u00a0\u00bboff\u00a0\u00bb button_two_text_color__hover_enabled=\u00a0\u00bboff\u00a0\u00bb button_border_width__hover_enabled=\u00a0\u00bboff\u00a0\u00bb button_one_border_width__hover_enabled=\u00a0\u00bboff\u00a0\u00bb button_two_border_width__hover_enabled=\u00a0\u00bboff\u00a0\u00bb button_border_color__hover_enabled=\u00a0\u00bboff\u00a0\u00bb button_one_border_color__hover_enabled=\u00a0\u00bboff\u00a0\u00bb button_two_border_color__hover_enabled=\u00a0\u00bboff\u00a0\u00bb button_border_radius__hover_enabled=\u00a0\u00bboff\u00a0\u00bb button_one_border_radius__hover_enabled=\u00a0\u00bboff\u00a0\u00bb button_two_border_radius__hover_enabled=\u00a0\u00bboff\u00a0\u00bb button_letter_spacing__hover_enabled=\u00a0\u00bboff\u00a0\u00bb button_one_letter_spacing__hover_enabled=\u00a0\u00bboff\u00a0\u00bb button_two_letter_spacing__hover_enabled=\u00a0\u00bboff\u00a0\u00bb button_bg_color__hover_enabled=\u00a0\u00bboff\u00a0\u00bb button_one_bg_color__hover_enabled=\u00a0\u00bboff\u00a0\u00bb button_two_bg_color__hover_enabled=\u00a0\u00bboff\u00a0\u00bb][\/et_pb_contact_field][et_pb_contact_field field_id=\u00a0\u00bbMessage\u00a0\u00bb field_title=\u00a0\u00bbMessage\u00a0\u00bb field_type=\u00a0\u00bbtext\u00a0\u00bb fullwidth_field=\u00a0\u00bbon\u00a0\u00bb _builder_version=\u00a0\u00bb4.16&Prime; global_colors_info=\u00a0\u00bb{}\u00a0\u00bb button_text_size__hover_enabled=\u00a0\u00bboff\u00a0\u00bb button_one_text_size__hover_enabled=\u00a0\u00bboff\u00a0\u00bb button_two_text_size__hover_enabled=\u00a0\u00bboff\u00a0\u00bb button_text_color__hover_enabled=\u00a0\u00bboff\u00a0\u00bb button_one_text_color__hover_enabled=\u00a0\u00bboff\u00a0\u00bb button_two_text_color__hover_enabled=\u00a0\u00bboff\u00a0\u00bb button_border_width__hover_enabled=\u00a0\u00bboff\u00a0\u00bb button_one_border_width__hover_enabled=\u00a0\u00bboff\u00a0\u00bb button_two_border_width__hover_enabled=\u00a0\u00bboff\u00a0\u00bb button_border_color__hover_enabled=\u00a0\u00bboff\u00a0\u00bb button_one_border_color__hover_enabled=\u00a0\u00bboff\u00a0\u00bb button_two_border_color__hover_enabled=\u00a0\u00bboff\u00a0\u00bb button_border_radius__hover_enabled=\u00a0\u00bboff\u00a0\u00bb button_one_border_radius__hover_enabled=\u00a0\u00bboff\u00a0\u00bb button_two_border_radius__hover_enabled=\u00a0\u00bboff\u00a0\u00bb button_letter_spacing__hover_enabled=\u00a0\u00bboff\u00a0\u00bb button_one_letter_spacing__hover_enabled=\u00a0\u00bboff\u00a0\u00bb button_two_letter_spacing__hover_enabled=\u00a0\u00bboff\u00a0\u00bb button_bg_color__hover_enabled=\u00a0\u00bboff\u00a0\u00bb button_one_bg_color__hover_enabled=\u00a0\u00bboff\u00a0\u00bb button_two_bg_color__hover_enabled=\u00a0\u00bboff\u00a0\u00bb][\/et_pb_contact_field][\/et_pb_contact_form][\/et_pb_column][\/et_pb_row][et_pb_row _builder_version=\u00a0\u00bb4.24.2&Prime; _module_preset=\u00a0\u00bbdefault\u00a0\u00bb global_colors_info=\u00a0\u00bb{}\u00a0\u00bb][et_pb_column type=\u00a0\u00bb4_4&Prime; _builder_version=\u00a0\u00bb4.24.2&Prime; _module_preset=\u00a0\u00bbdefault\u00a0\u00bb global_colors_info=\u00a0\u00bb{}\u00a0\u00bb][et_pb_text _builder_version=\u00a0\u00bb4.24.2&Prime; _module_preset=\u00a0\u00bbdefault\u00a0\u00bb global_colors_info=\u00a0\u00bb{}\u00a0\u00bb]<\/p>\n<h1>D\u00e9mo Geocity<\/h1>\n<p>Vous aimez voir par vous-m\u00eame ? Vous pouvez sans crainte explorer notre instance de d\u00e9monstration!<\/p>\n<p>[\/et_pb_text][et_pb_button button_url=\u00a0\u00bbhttps:\/\/demo.geocity.ch\u00a0\u00bb url_new_window=\u00a0\u00bbon\u00a0\u00bb button_text=\u00a0\u00bbVoir la d\u00e9mo Geocity\u00a0\u00bb _builder_version=\u00a0\u00bb4.24.2&Prime; _module_preset=\u00a0\u00bbdefault\u00a0\u00bb custom_padding=\u00a0\u00bb||0px|||\u00a0\u00bb global_colors_info=\u00a0\u00bb{}\u00a0\u00bb][\/et_pb_button][et_pb_image src=\u00a0\u00bbhttp:\/\/geocity-asso.ch\/wp-content\/uploads\/2024\/03\/login_geocity.svg\u00a0\u00bb title_text=\u00a0\u00bblogin_geocity\u00a0\u00bb align=\u00a0\u00bbcenter\u00a0\u00bb _builder_version=\u00a0\u00bb4.24.2&Prime; _module_preset=\u00a0\u00bbdefault\u00a0\u00bb global_colors_info=\u00a0\u00bb{}\u00a0\u00bb][\/et_pb_image][\/et_pb_column][\/et_pb_row][\/et_pb_section]<\/p>\n","protected":false},"excerpt":{"rendered":"<p>Prendre contact, demander une d\u00e9monstration Envie d&rsquo;en savoir plus ? Envie de d\u00e9couvrir tout le potentiel de Geocity ? N&rsquo;h\u00e9sitez pas \u00e0 nous contacter !D\u00e9mo Geocity Vous aimez voir par vous-m\u00eame ? Vous pouvez sans crainte explorer notre instance de d\u00e9monstration!<\/p>","protected":false},"author":1,"featured_media":0,"parent":0,"menu_order":0,"comment_status":"closed","ping_status":"closed","template":"","meta":{"_et_pb_use_builder":"on","_et_pb_old_content":"<!-- wp:group {\"layout\":{\"type\":\"constrained\"}} -->\n<div class=\"wp-block-group\"><!-- wp:themeisle-blocks\/form {\"id\":\"wp-block-themeisle-blocks-form-723259f0\",\"optionName\":\"bf9b28ff82ce323187abc5d0feb0d8f07ecd8436_723259f0\",\"submitLabel\":\"Envoyer\"} -->\n<div id=\"wp-block-themeisle-blocks-form-723259f0\" class=\"wp-block-themeisle-blocks-form\" data-option-name=\"bf9b28ff82ce323187abc5d0feb0d8f07ecd8436_723259f0\"><form class=\"otter-form__container\"><!-- wp:themeisle-blocks\/form-input {\"id\":\"wp-block-themeisle-blocks-form-input-c6495f02\",\"label\":\"Nom\",\"isRequired\":true} -->\n<div id=\"wp-block-themeisle-blocks-form-input-c6495f02\" class=\"wp-block-themeisle-blocks-form-input\"><label for=\"wp-block-themeisle-blocks-form-input-c6495f02-input\" class=\"otter-form-input-label\"><span class=\"otter-form-input-label__label\">Nom<\/span><span class=\"required\">*<\/span><\/label><input type=\"text\" id=\"wp-block-themeisle-blocks-form-input-c6495f02-input\" required class=\"otter-form-input\"\/><\/div>\n<!-- \/wp:themeisle-blocks\/form-input -->\n\n<!-- wp:themeisle-blocks\/form-input {\"id\":\"wp-block-themeisle-blocks-form-input-df90a81a\",\"type\":\"email\",\"label\":\"Email\",\"isRequired\":true} -->\n<div id=\"wp-block-themeisle-blocks-form-input-df90a81a\" class=\"wp-block-themeisle-blocks-form-input\"><label for=\"wp-block-themeisle-blocks-form-input-df90a81a-input\" class=\"otter-form-input-label\"><span class=\"otter-form-input-label__label\">Email<\/span><span class=\"required\">*<\/span><\/label><input type=\"email\" id=\"wp-block-themeisle-blocks-form-input-df90a81a-input\" required class=\"otter-form-input\"\/><\/div>\n<!-- \/wp:themeisle-blocks\/form-input -->\n\n<!-- wp:themeisle-blocks\/form-input {\"id\":\"wp-block-themeisle-blocks-form-input-ff4cd9cf\",\"label\":\"Organisme\"} -->\n<div id=\"wp-block-themeisle-blocks-form-input-ff4cd9cf\" class=\"wp-block-themeisle-blocks-form-input\"><label for=\"wp-block-themeisle-blocks-form-input-ff4cd9cf-input\" class=\"otter-form-input-label\"><span class=\"otter-form-input-label__label\">Organisme<\/span><\/label><input type=\"text\" id=\"wp-block-themeisle-blocks-form-input-ff4cd9cf-input\" class=\"otter-form-input\"\/><\/div>\n<!-- \/wp:themeisle-blocks\/form-input -->\n\n<!-- wp:themeisle-blocks\/form-nonce {\"formId\":\"wp-block-themeisle-blocks-form-723259f0\"} \/-->\n\n<!-- wp:themeisle-blocks\/form-textarea {\"id\":\"wp-block-themeisle-blocks-form-textarea-4f80bd9b\",\"label\":\"Message\"} -->\n<div id=\"wp-block-themeisle-blocks-form-textarea-4f80bd9b\" class=\"wp-block-themeisle-blocks-form-textarea\"><label for=\"wp-block-themeisle-blocks-form-textarea-4f80bd9b-input\" class=\"otter-form-textarea-label\"><span class=\"otter-form-textarea-label__label\">Message<\/span><\/label><textarea id=\"wp-block-themeisle-blocks-form-textarea-4f80bd9b-input\" rows=\"10\" class=\"otter-form-textarea-input\">Bonjour, \n\nMerci de prendre contact avec moi en vue d'une d\u00e9monstration de Geocity.\n\nAvec mes meilleures salutations<\/textarea><\/div>\n<!-- \/wp:themeisle-blocks\/form-textarea -->\n\n<!-- wp:paragraph {\"fontSize\":\"extra-small\"} -->\n<p class=\"has-extra-small-font-size\"><\/p>\n<!-- \/wp:paragraph --><div class=\"wp-block-button\"><button class=\"wp-block-button__link\" type=\"submit\">Envoyer<\/button><\/div><\/form><\/div>\n<!-- \/wp:themeisle-blocks\/form --><\/div>\n<!-- \/wp:group -->","_et_gb_content_width":"1080","inline_featured_image":false,"footnotes":""},"class_list":["post-29032","page","type-page","status-publish","hentry"],"_links":{"self":[{"href":"https:\/\/geocity-asso.ch\/de\/wp-json\/wp\/v2\/pages\/29032","targetHints":{"allow":["GET"]}}],"collection":[{"href":"https:\/\/geocity-asso.ch\/de\/wp-json\/wp\/v2\/pages"}],"about":[{"href":"https:\/\/geocity-asso.ch\/de\/wp-json\/wp\/v2\/types\/page"}],"author":[{"embeddable":true,"href":"https:\/\/geocity-asso.ch\/de\/wp-json\/wp\/v2\/users\/1"}],"replies":[{"embeddable":true,"href":"https:\/\/geocity-asso.ch\/de\/wp-json\/wp\/v2\/comments?post=29032"}],"version-history":[{"count":28,"href":"https:\/\/geocity-asso.ch\/de\/wp-json\/wp\/v2\/pages\/29032\/revisions"}],"predecessor-version":[{"id":30146,"href":"https:\/\/geocity-asso.ch\/de\/wp-json\/wp\/v2\/pages\/29032\/revisions\/30146"}],"wp:attachment":[{"href":"https:\/\/geocity-asso.ch\/de\/wp-json\/wp\/v2\/media?parent=29032"}],"curies":[{"name":"wp","href":"https:\/\/api.w.org\/{rel}","templated":true}]}}