{"id":29525,"date":"2024-03-19T15:15:29","date_gmt":"2024-03-19T14:15:29","guid":{"rendered":"https:\/\/geocity-asso.ch\/?page_id=29525"},"modified":"2024-03-26T13:54:47","modified_gmt":"2024-03-26T12:54:47","slug":"confidentialite","status":"publish","type":"page","link":"https:\/\/geocity-asso.ch\/de\/confidentialite\/","title":{"rendered":"Datenschutz"},"content":{"rendered":"<p>[et_pb_section fb_built=\u00a0\u00bb1&Prime; _builder_version=\u00a0\u00bb4.24.2&Prime; _module_preset=\u00a0\u00bbdefault\u00a0\u00bb global_colors_info=\u00a0\u00bb{}\u00a0\u00bb][et_pb_row _builder_version=\u00a0\u00bb4.24.2&Prime; _module_preset=\u00a0\u00bbdefault\u00a0\u00bb global_colors_info=\u00a0\u00bb{}\u00a0\u00bb][et_pb_column type=\u00a0\u00bb4_4&Prime; _builder_version=\u00a0\u00bb4.24.2&Prime; _module_preset=\u00a0\u00bbdefault\u00a0\u00bb global_colors_info=\u00a0\u00bb{}\u00a0\u00bb][et_pb_text _builder_version=\u00a0\u00bb4.24.2&Prime; _module_preset=\u00a0\u00bbdefault\u00a0\u00bb hover_enabled=\u00a0\u00bb0&Prime; global_colors_info=\u00a0\u00bb{}\u00a0\u00bb sticky_enabled=\u00a0\u00bb0&Prime;]<\/p>\n<h2>1. Les principes<\/h2>\n<p>&nbsp;<\/p>\n<p>L&rsquo;association Geocity attache une grande importance \u00e0 la protection et \u00e0 la confidentialit\u00e9 des donn\u00e9es personnelles et s&rsquo;engage \u00e0 assurer un niveau de protection de vos donn\u00e9es personnelles conforme \u00e0 la base l\u00e9gale. La pr\u00e9sente politique de confidentialit\u00e9 a pour objet d&rsquo;informer les utilisateurs du site https:\/\/geocity-asso.ch des conditions dans lesquelles vos donn\u00e9es personnelles sont collect\u00e9es, trait\u00e9es et transmises.<\/p>\n<p>L&rsquo;association se r\u00e9serve le droit de mettre \u00e0 jour la politique de confidentialit\u00e9 \u00e0 tout moment afin de se conformer \u00e0 toute modification des services ou pour des raisons l\u00e9gales ou r\u00e9glementaires. La date de mise \u00e0 jour figurant en t\u00eate de la pr\u00e9sente politique de confidentialit\u00e9 sera actualis\u00e9e.<\/p>\n<p>&nbsp;<\/p>\n<h2>2. Contact<\/h2>\n<p>&nbsp;<\/p>\n<p>Si vous avez des questions concernant vos donn\u00e9es personnelles ou notre politique de confidentialit\u00e9, veuillez nous contacter \u00e0 l&rsquo;adresse \u00e9lectronique suivante : comite[at]geocity-asso.ch<\/p>\n<p>&nbsp;<\/p>\n<h2>3. Collecte et traitement des donn\u00e9es personnelles<\/h2>\n<p>&nbsp;<\/p>\n<p>Nous traitons vos donn\u00e9es personnelles lorsque vous nous fournissez des informations via notre formulaire d&rsquo;inscription \u00e0 la lettre d&rsquo;information :<\/p>\n<p>Pr\u00e9nom<br \/>Nom de famille<br \/>Adresse \u00e9lectronique<br \/>Organisation<\/p>\n<p>&nbsp;<\/p>\n<h2>4. Les cookies<\/h2>\n<p>&nbsp;<\/p>\n<p>Un cookie est un petit fichier qui stocke des informations de session sur votre ordinateur pour rendre la navigation plus agr\u00e9able (cookie de session) ou des informations sur vos pr\u00e9f\u00e9rences (cookie permanent).<\/p>\n<p>Vous pouvez refuser les cookies, mais il se peut que vous ne puissiez pas utiliser certaines fonctions du site web.<\/p>\n<p>&nbsp;<\/p>\n<h2>5. Transmission des donn\u00e9es personnelles<\/h2>\n<p>&nbsp;<\/p>\n<p>Vos donn\u00e9es personnelles ne seront pas transmises, vendues ou transf\u00e9r\u00e9es \u00e0 des tiers.<\/p>\n<p>&nbsp;<\/p>\n<h2>6. Droits de la personne concern\u00e9e<\/h2>\n<p>&nbsp;<\/p>\n<p>En tant qu&rsquo;utilisateur du site web, vous avez le droit de demander \u00e0 tout moment si Geocitye traite vos donn\u00e9es personnelles et de recevoir une copie de ces donn\u00e9es. Vous pouvez \u00e9galement nous demander de supprimer toutes les donn\u00e9es personnelles que nous d\u00e9tenons \u00e0 votre sujet. Cela n&rsquo;inclut pas les donn\u00e9es que l&rsquo;association Geocity est oblig\u00e9e de conserver \u00e0 des fins administratives, juridiques ou de s\u00e9curit\u00e9.<\/p>\n<p>[\/et_pb_text][\/et_pb_column][\/et_pb_row][\/et_pb_section]<\/p>\n","protected":false},"excerpt":{"rendered":"<p>1. Les principes &nbsp; L&rsquo;association Geocity attache une grande importance \u00e0 la protection et \u00e0 la confidentialit\u00e9 des donn\u00e9es personnelles et s&rsquo;engage \u00e0 assurer un niveau de protection de vos donn\u00e9es personnelles conforme \u00e0 la base l\u00e9gale. La pr\u00e9sente politique de confidentialit\u00e9 a pour objet d&rsquo;informer les utilisateurs du site https:\/\/geocity-asso.ch des conditions dans lesquelles [&hellip;]<\/p>\n","protected":false},"author":1,"featured_media":0,"parent":0,"menu_order":0,"comment_status":"closed","ping_status":"closed","template":"","meta":{"_et_pb_use_builder":"on","_et_pb_old_content":"","_et_gb_content_width":"","inline_featured_image":false,"footnotes":""},"class_list":["post-29525","page","type-page","status-publish","hentry"],"_links":{"self":[{"href":"https:\/\/geocity-asso.ch\/de\/wp-json\/wp\/v2\/pages\/29525","targetHints":{"allow":["GET"]}}],"collection":[{"href":"https:\/\/geocity-asso.ch\/de\/wp-json\/wp\/v2\/pages"}],"about":[{"href":"https:\/\/geocity-asso.ch\/de\/wp-json\/wp\/v2\/types\/page"}],"author":[{"embeddable":true,"href":"https:\/\/geocity-asso.ch\/de\/wp-json\/wp\/v2\/users\/1"}],"replies":[{"embeddable":true,"href":"https:\/\/geocity-asso.ch\/de\/wp-json\/wp\/v2\/comments?post=29525"}],"version-history":[{"count":5,"href":"https:\/\/geocity-asso.ch\/de\/wp-json\/wp\/v2\/pages\/29525\/revisions"}],"predecessor-version":[{"id":29735,"href":"https:\/\/geocity-asso.ch\/de\/wp-json\/wp\/v2\/pages\/29525\/revisions\/29735"}],"wp:attachment":[{"href":"https:\/\/geocity-asso.ch\/de\/wp-json\/wp\/v2\/media?parent=29525"}],"curies":[{"name":"wp","href":"https:\/\/api.w.org\/{rel}","templated":true}]}}